{"id":4714,"date":"2023-01-01T11:46:31","date_gmt":"2023-01-01T10:46:31","guid":{"rendered":"https:\/\/www.leslarmesderos.com\/produit\/collectif-flicien-rops-le-thtre-gaillard-revu-et-augment-tome-premier-second\/"},"modified":"2023-01-01T19:39:00","modified_gmt":"2023-01-01T18:39:00","slug":"collectif-flicien-rops-le-thtre-gaillard-revu-et-augment-tome-premier-second","status":"publish","type":"product","link":"https:\/\/www.leslarmesderos.com\/en\/produit\/collectif-flicien-rops-le-thtre-gaillard-revu-et-augment-tome-premier-second\/","title":{"rendered":"[Collectif &#8211; F\u00e9licien ROPS]. Le Th\u00e9\u00e2tre gaillard, revu et augment\u00e9, tome premier, (\u2014 second)"},"content":{"rendered":"[dont Le Luxurieux ; Le Temp\u00e9rament ; Le Bordel ou le Jean-Foutre puni ; L\u2019Appareilleuse ; Le Gascon ; Le Mal d\u2019aventure chanson ; Le D\u00e9bauch\u00e9 converti pour le tome premier et La Comtesse d\u2019Olonne ; Vasta, reine de Bordelie ; La Nouvelle Messaline ; Alphonse l\u2019impuissant ; Les Deux biscuits ; Les Plaisirs du clo\u00eetre]. 1776-1865 [A. Poulet-Malassis, Bruxelles]. 2 volumes in-12 carr\u00e9, 3 ff.n.ch., 255 pages, 1 ff.n.ch. et 3 ff.n.ch., 225 pages, 1 ff.n.ch., demi-chagrin rouge \u00e0 coins, dos \u00e0 nerfs orn\u00e9, filets dor\u00e9s \u00e0 froid sur les mors t\u00eate dor\u00e9e, tranches naturelles, coins fatigu\u00e9s (reliure de l\u2019\u00e9poque). Illustr\u00e9 de 2 frontispices originaux de F\u00e9licien Rops. Bibliographie : Pia 1414, PC 1781, Launay 298, Gay 6-326, Enfer 785-786, Lemonnyer 2-1205, L\u00e9onina 67, Rose 4500, Dutel A-1069. <\/p>\n","protected":false},"excerpt":{"rendered":"[dont Le Luxurieux ; Le Temp\u00e9rament ; Le Bordel ou le Jean-Foutre puni ; L\u2019Appareilleuse ; Le Gascon ; Le Mal d\u2019aventure chanson ; Le D\u00e9bauch\u00e9 converti pour le tome premier et La Comtesse d\u2019Olonne ; Vasta, reine de Bordelie ; La Nouvelle Messaline ; Alphonse l\u2019impuissant ; Les Deux biscuits ; Les Plaisirs du [&#8230;]\n","protected":false},"featured_media":4712,"template":"","meta":[],"product_cat":[207],"product_tag":[],"class_list":{"0":"post-4714","1":"product","2":"type-product","3":"status-publish","4":"has-post-thumbnail","6":"product_cat-poulet-malassis","8":"first","9":"instock","10":"shipping-taxable","11":"purchasable","12":"product-type-simple"},"_links":{"self":[{"href":"https:\/\/www.leslarmesderos.com\/en\/wp-json\/wp\/v2\/product\/4714","targetHints":{"allow":["GET"]}}],"collection":[{"href":"https:\/\/www.leslarmesderos.com\/en\/wp-json\/wp\/v2\/product"}],"about":[{"href":"https:\/\/www.leslarmesderos.com\/en\/wp-json\/wp\/v2\/types\/product"}],"wp:featuredmedia":[{"embeddable":true,"href":"https:\/\/www.leslarmesderos.com\/en\/wp-json\/wp\/v2\/media\/4712"}],"wp:attachment":[{"href":"https:\/\/www.leslarmesderos.com\/en\/wp-json\/wp\/v2\/media?parent=4714"}],"wp:term":[{"taxonomy":"product_cat","embeddable":true,"href":"https:\/\/www.leslarmesderos.com\/en\/wp-json\/wp\/v2\/product_cat?post=4714"},{"taxonomy":"product_tag","embeddable":true,"href":"https:\/\/www.leslarmesderos.com\/en\/wp-json\/wp\/v2\/product_tag?post=4714"}],"curies":[{"name":"wp","href":"https:\/\/api.w.org\/{rel}","templated":true}]}}