{"id":4717,"date":"2023-01-01T11:46:32","date_gmt":"2023-01-01T10:46:32","guid":{"rendered":"https:\/\/www.leslarmesderos.com\/produit\/henry-monnier-les-bas-fonds-de-la-socit\/"},"modified":"2023-01-01T19:35:19","modified_gmt":"2023-01-01T18:35:19","slug":"henry-monnier-les-bas-fonds-de-la-socit","status":"publish","type":"product","link":"https:\/\/www.leslarmesderos.com\/en\/produit\/henry-monnier-les-bas-fonds-de-la-socit\/","title":{"rendered":"Henry MONNIER &#8211; [F\u00e9licien ROPS]. Les Bas-Fonds de la Soci\u00e9t\u00e9."},"content":{"rendered":"<p>Avec un frontispice du lundi dessin\u00e9 et grav\u00e9 par S. P. Q. R. Sur l\u2019imprim\u00e9 de Paris chez J. Claye, Amsterdam, 1866 [A. Poulet-Malassis, Bruxelles]. Petit in-8, 2 ff., 141 pages, 1 f. de table, plein maroquin rouge, dos \u00e0 nerfs, filets dor\u00e9s sur les coupes, liser\u00e9s dor\u00e9s sur les plats int\u00e9rieurs, t\u00eate et tranches dor\u00e9es (E. Thevenet). Illustr\u00e9 d\u2019un frontispice original d\u00e9pliant de F\u00e9licien Rops, 26 x 20 cm. Tirage limit\u00e9 \u00e0 276 ex. Bibliographie : Pia 114, Gay 1-390, G* 187, Dutel A-133. Provenance\u00a0: Ex-libris, num\u00e9rot\u00e9 1908, biblioth\u00e8que du ch\u00e2teau des Rozais.<\/p>\n","protected":false},"excerpt":{"rendered":"<p>Avec un frontispice du lundi dessin\u00e9 et grav\u00e9 par S. P. Q. R. Sur l\u2019imprim\u00e9 de Paris chez J. Claye, Amsterdam, 1866 [A. Poulet-Malassis, Bruxelles]. Petit in-8, 2 ff., 141 pages, 1 f. de table, plein maroquin rouge, dos \u00e0 nerfs, filets dor\u00e9s sur les coupes, liser\u00e9s dor\u00e9s sur les plats int\u00e9rieurs, t\u00eate et tranches [&#8230;]\n","protected":false},"featured_media":4715,"template":"","meta":[],"product_cat":[207],"product_tag":[],"class_list":{"0":"post-4717","1":"product","2":"type-product","3":"status-publish","4":"has-post-thumbnail","6":"product_cat-poulet-malassis","8":"first","9":"instock","10":"shipping-taxable","11":"purchasable","12":"product-type-simple"},"_links":{"self":[{"href":"https:\/\/www.leslarmesderos.com\/en\/wp-json\/wp\/v2\/product\/4717","targetHints":{"allow":["GET"]}}],"collection":[{"href":"https:\/\/www.leslarmesderos.com\/en\/wp-json\/wp\/v2\/product"}],"about":[{"href":"https:\/\/www.leslarmesderos.com\/en\/wp-json\/wp\/v2\/types\/product"}],"wp:featuredmedia":[{"embeddable":true,"href":"https:\/\/www.leslarmesderos.com\/en\/wp-json\/wp\/v2\/media\/4715"}],"wp:attachment":[{"href":"https:\/\/www.leslarmesderos.com\/en\/wp-json\/wp\/v2\/media?parent=4717"}],"wp:term":[{"taxonomy":"product_cat","embeddable":true,"href":"https:\/\/www.leslarmesderos.com\/en\/wp-json\/wp\/v2\/product_cat?post=4717"},{"taxonomy":"product_tag","embeddable":true,"href":"https:\/\/www.leslarmesderos.com\/en\/wp-json\/wp\/v2\/product_tag?post=4717"}],"curies":[{"name":"wp","href":"https:\/\/api.w.org\/{rel}","templated":true}]}}