{"id":4723,"date":"2023-01-01T11:46:34","date_gmt":"2023-01-01T10:46:34","guid":{"rendered":"https:\/\/www.leslarmesderos.com\/produit\/abb-de-voisenon-les-exercices-de-dvotion-de-m-henri-roch-avec-madame-la-duchesse-de-condor-par-feu-labb-de-voisenon-de-joyeuse-mmoire-et-de-son-vivant-membre-de-lacadmie-franaise\/"},"modified":"2023-01-01T19:31:20","modified_gmt":"2023-01-01T18:31:20","slug":"abb-de-voisenon-les-exercices-de-dvotion-de-m-henri-roch-avec-madame-la-duchesse-de-condor-par-feu-labb-de-voisenon-de-joyeuse-mmoire-et-de-son-vivant-membre-de-lacadmie-franaise","status":"publish","type":"product","link":"https:\/\/www.leslarmesderos.com\/en\/produit\/abb-de-voisenon-les-exercices-de-dvotion-de-m-henri-roch-avec-madame-la-duchesse-de-condor-par-feu-labb-de-voisenon-de-joyeuse-mmoire-et-de-son-vivant-membre-de-lacadmie-franaise\/","title":{"rendered":"Abb\u00e9 de VOISENON. Les Exercices de d\u00e9votion de M. Henri Roch avec Madame la duchesse de Condor, par feu l\u2019abb\u00e9 de Voisenon, de joyeuse m\u00e9moire et de son vivant membre de l\u2019Acad\u00e9mie fran\u00e7aise."},"content":{"rendered":"<p>\u00c9dition revue sur l\u2019\u00e9dition originale, sans lieu, ni date et sur l\u2019\u00e9dition de Vaucluse 1786. Amsterdam, aux d\u00e9pens de la compagnie [A. Poulet-Malassis, 1864]. In-12 de 2 ff.n.ch., 108 pages, cartonnage vert \u00e0 la Bradel, t\u00eate mouchet\u00e9e.  Illustr\u00e9 d\u2019un frontispice. Tirage limit\u00e9 \u00e0 155 ex., num\u00e9rot\u00e9 et paraph\u00e9 \u00e0 la plume par Fanny Poulet-Malassis. C\u2019est Gustave Lehec, qui l\u2019attribue \u00e0 Poulet-Malassis. Bibliographie : Pia 467, Launay 293, Gay 3-249, PC 766, G* 612 (40 frs), Dutel A-381. <\/p>\n","protected":false},"excerpt":{"rendered":"<p>\u00c9dition revue sur l\u2019\u00e9dition originale, sans lieu, ni date et sur l\u2019\u00e9dition de Vaucluse 1786. Amsterdam, aux d\u00e9pens de la compagnie [A. Poulet-Malassis, 1864]. In-12 de 2 ff.n.ch., 108 pages, cartonnage vert \u00e0 la Bradel, t\u00eate mouchet\u00e9e. Illustr\u00e9 d\u2019un frontispice. Tirage limit\u00e9 \u00e0 155 ex., num\u00e9rot\u00e9 et paraph\u00e9 \u00e0 la plume par Fanny Poulet-Malassis. C\u2019est [&#8230;]\n","protected":false},"featured_media":4721,"template":"","meta":[],"product_cat":[207],"product_tag":[],"class_list":{"0":"post-4723","1":"product","2":"type-product","3":"status-publish","4":"has-post-thumbnail","6":"product_cat-poulet-malassis","8":"first","9":"instock","10":"shipping-taxable","11":"purchasable","12":"product-type-simple"},"_links":{"self":[{"href":"https:\/\/www.leslarmesderos.com\/en\/wp-json\/wp\/v2\/product\/4723","targetHints":{"allow":["GET"]}}],"collection":[{"href":"https:\/\/www.leslarmesderos.com\/en\/wp-json\/wp\/v2\/product"}],"about":[{"href":"https:\/\/www.leslarmesderos.com\/en\/wp-json\/wp\/v2\/types\/product"}],"wp:featuredmedia":[{"embeddable":true,"href":"https:\/\/www.leslarmesderos.com\/en\/wp-json\/wp\/v2\/media\/4721"}],"wp:attachment":[{"href":"https:\/\/www.leslarmesderos.com\/en\/wp-json\/wp\/v2\/media?parent=4723"}],"wp:term":[{"taxonomy":"product_cat","embeddable":true,"href":"https:\/\/www.leslarmesderos.com\/en\/wp-json\/wp\/v2\/product_cat?post=4723"},{"taxonomy":"product_tag","embeddable":true,"href":"https:\/\/www.leslarmesderos.com\/en\/wp-json\/wp\/v2\/product_tag?post=4723"}],"curies":[{"name":"wp","href":"https:\/\/api.w.org\/{rel}","templated":true}]}}