{"id":4729,"date":"2023-01-01T11:46:36","date_gmt":"2023-01-01T10:46:36","guid":{"rendered":"https:\/\/www.leslarmesderos.com\/produit\/pierre-lachambeaudie-les-hors-duvre\/"},"modified":"2023-01-01T19:25:41","modified_gmt":"2023-01-01T18:25:41","slug":"pierre-lachambeaudie-les-hors-duvre","status":"publish","type":"product","link":"https:\/\/www.leslarmesderos.com\/en\/produit\/pierre-lachambeaudie-les-hors-duvre\/","title":{"rendered":"Pierre Lachambeaudie. Les Hors-d\u2019\u0153uvre."},"content":{"rendered":"<p>Bruxelles, M DCCC LII &#8211; M DCCC LXX [A. Poulet-Malassis ?, Bruxelles, 1870] In-8, broch\u00e9 de 15 pages, encart\u00e9 entre deux pages de catalogue, couverture muette en papier orange de l\u2019\u00e9poque.  \u00ab Tirage limit\u00e9 \u00e0 cent exemplaires sur papier verg\u00e9 \u00bb Grand papier. Porte sous le faux-titre, la mention manuscrite, avec un monogramme non identifi\u00e9\u00a0: \u00ab\u00a0 Par jugement du tribunal de Lille du 6 mai 1868, ins\u00e9r\u00e9 au Moniteur du 19 septembre suivant, la destruction du pr\u00e9sent ouvrage a \u00e9t\u00e9 ordonn\u00e9e.\u00a0\u00bb Bibliographie : Pia 606, Lemonnyer 2-616. <\/p>\n","protected":false},"excerpt":{"rendered":"<p>Bruxelles, M DCCC LII &#8211; M DCCC LXX [A. Poulet-Malassis ?, Bruxelles, 1870] In-8, broch\u00e9 de 15 pages, encart\u00e9 entre deux pages de catalogue, couverture muette en papier orange de l\u2019\u00e9poque. \u00ab Tirage limit\u00e9 \u00e0 cent exemplaires sur papier verg\u00e9 \u00bb Grand papier. Porte sous le faux-titre, la mention manuscrite, avec un monogramme non identifi\u00e9\u00a0: [&#8230;]\n","protected":false},"featured_media":4727,"template":"","meta":[],"product_cat":[207],"product_tag":[],"class_list":{"0":"post-4729","1":"product","2":"type-product","3":"status-publish","4":"has-post-thumbnail","6":"product_cat-poulet-malassis","8":"first","9":"instock","10":"shipping-taxable","11":"purchasable","12":"product-type-simple"},"_links":{"self":[{"href":"https:\/\/www.leslarmesderos.com\/en\/wp-json\/wp\/v2\/product\/4729","targetHints":{"allow":["GET"]}}],"collection":[{"href":"https:\/\/www.leslarmesderos.com\/en\/wp-json\/wp\/v2\/product"}],"about":[{"href":"https:\/\/www.leslarmesderos.com\/en\/wp-json\/wp\/v2\/types\/product"}],"wp:featuredmedia":[{"embeddable":true,"href":"https:\/\/www.leslarmesderos.com\/en\/wp-json\/wp\/v2\/media\/4727"}],"wp:attachment":[{"href":"https:\/\/www.leslarmesderos.com\/en\/wp-json\/wp\/v2\/media?parent=4729"}],"wp:term":[{"taxonomy":"product_cat","embeddable":true,"href":"https:\/\/www.leslarmesderos.com\/en\/wp-json\/wp\/v2\/product_cat?post=4729"},{"taxonomy":"product_tag","embeddable":true,"href":"https:\/\/www.leslarmesderos.com\/en\/wp-json\/wp\/v2\/product_tag?post=4729"}],"curies":[{"name":"wp","href":"https:\/\/api.w.org\/{rel}","templated":true}]}}