{"id":4732,"date":"2023-01-01T11:46:37","date_gmt":"2023-01-01T10:46:37","guid":{"rendered":"https:\/\/www.leslarmesderos.com\/produit\/thophile-gautier-les-jeunes-france-romans-goguenards\/"},"modified":"2023-01-01T19:23:56","modified_gmt":"2023-01-01T18:23:56","slug":"thophile-gautier-les-jeunes-france-romans-goguenards","status":"publish","type":"product","link":"https:\/\/www.leslarmesderos.com\/en\/produit\/thophile-gautier-les-jeunes-france-romans-goguenards\/","title":{"rendered":"Th\u00e9ophile Gautier. Les Jeunes-France, romans goguenards."},"content":{"rendered":"<p>Bruxelles, chez tous les libraires, 1867 [A. Poulet-Malassis ou contrefa\u00e7on]. In-8, 2 ff.n.ch., xviii, 1 f.n.ch., 214 pages, 1 f. de table, demi-chagrin havane, dos \u00e0 nerfs orn\u00e9 et insol\u00e9, t\u00eate jasp\u00e9e (J. Schavye). Imprimerie de J. H. Briard, rue des Minimes, 51.   <\/p>\n","protected":false},"excerpt":{"rendered":"<p>Bruxelles, chez tous les libraires, 1867 [A. Poulet-Malassis ou contrefa\u00e7on]. In-8, 2 ff.n.ch., xviii, 1 f.n.ch., 214 pages, 1 f. de table, demi-chagrin havane, dos \u00e0 nerfs orn\u00e9 et insol\u00e9, t\u00eate jasp\u00e9e (J. Schavye). Imprimerie de J. H. Briard, rue des Minimes, 51.<\/p>\n","protected":false},"featured_media":4730,"template":"","meta":[],"product_cat":[215],"product_tag":[],"class_list":{"0":"post-4732","1":"product","2":"type-product","3":"status-publish","4":"has-post-thumbnail","6":"product_cat-xixe-auguste-poulet-malassis","8":"first","9":"instock","10":"shipping-taxable","11":"purchasable","12":"product-type-simple"},"_links":{"self":[{"href":"https:\/\/www.leslarmesderos.com\/en\/wp-json\/wp\/v2\/product\/4732","targetHints":{"allow":["GET"]}}],"collection":[{"href":"https:\/\/www.leslarmesderos.com\/en\/wp-json\/wp\/v2\/product"}],"about":[{"href":"https:\/\/www.leslarmesderos.com\/en\/wp-json\/wp\/v2\/types\/product"}],"wp:featuredmedia":[{"embeddable":true,"href":"https:\/\/www.leslarmesderos.com\/en\/wp-json\/wp\/v2\/media\/4730"}],"wp:attachment":[{"href":"https:\/\/www.leslarmesderos.com\/en\/wp-json\/wp\/v2\/media?parent=4732"}],"wp:term":[{"taxonomy":"product_cat","embeddable":true,"href":"https:\/\/www.leslarmesderos.com\/en\/wp-json\/wp\/v2\/product_cat?post=4732"},{"taxonomy":"product_tag","embeddable":true,"href":"https:\/\/www.leslarmesderos.com\/en\/wp-json\/wp\/v2\/product_tag?post=4732"}],"curies":[{"name":"wp","href":"https:\/\/api.w.org\/{rel}","templated":true}]}}