{"id":4738,"date":"2023-01-01T11:46:38","date_gmt":"2023-01-01T10:46:38","guid":{"rendered":"https:\/\/www.leslarmesderos.com\/produit\/louis-protat-flicien-rops-les-vacances-de-m-l-p-louis-protat-avou-prs-de-la-cour-impriale-de-paris\/"},"modified":"2023-01-01T19:21:06","modified_gmt":"2023-01-01T18:21:06","slug":"louis-protat-flicien-rops-les-vacances-de-m-l-p-louis-protat-avou-prs-de-la-cour-impriale-de-paris","status":"publish","type":"product","link":"https:\/\/www.leslarmesderos.com\/en\/produit\/louis-protat-flicien-rops-les-vacances-de-m-l-p-louis-protat-avou-prs-de-la-cour-impriale-de-paris\/","title":{"rendered":"Louis Protat &#8211; F\u00e9licien ROPS. Les Vacances de M. L. P. (Louis Protat) avou\u00e9 pr\u00e8s de la cour imp\u00e9riale de Paris,"},"content":{"rendered":"<p>c\u2019est \u00e0 savoir Serrefesse, trag\u00e9die-parodie, Examen de mademoiselle Flora etc., etc. pr\u00e9c\u00e9d\u00e9s d\u2019un avertissement sur l\u2019auteur. Au Palais, sous les robes, 1867. [A. Poulet-Malassis, Bruxelles]. In-8, de 2 ff., iii, 66 pages, 1 f. pour l\u2019\u00e9pitaphe et la table, demi-Bradel chagrin rouge \u00e0 coins, dos lisse, t\u00eate dor\u00e9e, tranches naturelles (reliure de l\u2019\u00e9poque). 380  Illustr\u00e9 d\u2019un frontispice original de F\u00e9licien Rops sur Chine. Bibliographie : Pia 1482, PC 1501, Pey 208, Nordmann 1-334. Launay 314, Gay 6-381, Dutel A-1131. <\/p>\n","protected":false},"excerpt":{"rendered":"<p>c\u2019est \u00e0 savoir Serrefesse, trag\u00e9die-parodie, Examen de mademoiselle Flora etc., etc. pr\u00e9c\u00e9d\u00e9s d\u2019un avertissement sur l\u2019auteur. Au Palais, sous les robes, 1867. [A. Poulet-Malassis, Bruxelles]. In-8, de 2 ff., iii, 66 pages, 1 f. pour l\u2019\u00e9pitaphe et la table, demi-Bradel chagrin rouge \u00e0 coins, dos lisse, t\u00eate dor\u00e9e, tranches naturelles (reliure de l\u2019\u00e9poque). 380 Illustr\u00e9 [&#8230;]\n","protected":false},"featured_media":4736,"template":"","meta":[],"product_cat":[207],"product_tag":[],"class_list":{"0":"post-4738","1":"product","2":"type-product","3":"status-publish","4":"has-post-thumbnail","6":"product_cat-poulet-malassis","8":"first","9":"instock","10":"shipping-taxable","11":"purchasable","12":"product-type-simple"},"_links":{"self":[{"href":"https:\/\/www.leslarmesderos.com\/en\/wp-json\/wp\/v2\/product\/4738","targetHints":{"allow":["GET"]}}],"collection":[{"href":"https:\/\/www.leslarmesderos.com\/en\/wp-json\/wp\/v2\/product"}],"about":[{"href":"https:\/\/www.leslarmesderos.com\/en\/wp-json\/wp\/v2\/types\/product"}],"wp:featuredmedia":[{"embeddable":true,"href":"https:\/\/www.leslarmesderos.com\/en\/wp-json\/wp\/v2\/media\/4736"}],"wp:attachment":[{"href":"https:\/\/www.leslarmesderos.com\/en\/wp-json\/wp\/v2\/media?parent=4738"}],"wp:term":[{"taxonomy":"product_cat","embeddable":true,"href":"https:\/\/www.leslarmesderos.com\/en\/wp-json\/wp\/v2\/product_cat?post=4738"},{"taxonomy":"product_tag","embeddable":true,"href":"https:\/\/www.leslarmesderos.com\/en\/wp-json\/wp\/v2\/product_tag?post=4738"}],"curies":[{"name":"wp","href":"https:\/\/api.w.org\/{rel}","templated":true}]}}