{"id":4744,"date":"2023-01-01T11:46:40","date_gmt":"2023-01-01T10:46:40","guid":{"rendered":"https:\/\/www.leslarmesderos.com\/produit\/fougeret-de-montbron-flicien-rops-margot-la-ravaudeuse\/"},"modified":"2023-01-01T19:13:50","modified_gmt":"2023-01-01T18:13:50","slug":"fougeret-de-montbron-flicien-rops-margot-la-ravaudeuse","status":"publish","type":"product","link":"https:\/\/www.leslarmesderos.com\/en\/produit\/fougeret-de-montbron-flicien-rops-margot-la-ravaudeuse\/","title":{"rendered":"Louis-Charles FOUGERET de MONTBRON &#8211; [F\u00e9licien ROPS]. Margot la Ravaudeuse."},"content":{"rendered":"<p>M DCCL \u2014 M DCCC LXVIII [A. Poulet-Malassis, Bruxelles, 1868] In-12, 2 ff.n.ch. et 173 pages, veau framboise glac\u00e9, plats recouverts de compositions originales de Louis D\u00e9z\u00e9, inspir\u00e9es du livre, model\u00e9es, dos \u00e0 nerfs orn\u00e9s, titres, tomaison, date, caissons orn\u00e9s, fleurons, t\u00eates dor\u00e9es, doublures et premi\u00e8res gardes de tissu satin vieux rose, secondes gardes papier marbr\u00e9, dentelles dor\u00e9es int\u00e9rieures, non rogn\u00e9 (Louis D\u00e9z\u00e9). Illustr\u00e9 d\u2019un frontispice original de F\u00e9licien Rops. Bibliographie : Launay 340, Hayn 360, Gay 4-389, Lemonnyer 3-34, Dutel A-68, pas \u00e0 l\u2019Enfer de la BnF. <\/p>\n","protected":false},"excerpt":{"rendered":"<p>M DCCL \u2014 M DCCC LXVIII [A. Poulet-Malassis, Bruxelles, 1868] In-12, 2 ff.n.ch. et 173 pages, veau framboise glac\u00e9, plats recouverts de compositions originales de Louis D\u00e9z\u00e9, inspir\u00e9es du livre, model\u00e9es, dos \u00e0 nerfs orn\u00e9s, titres, tomaison, date, caissons orn\u00e9s, fleurons, t\u00eates dor\u00e9es, doublures et premi\u00e8res gardes de tissu satin vieux rose, secondes gardes papier [&#8230;]\n","protected":false},"featured_media":4742,"template":"","meta":[],"product_cat":[207],"product_tag":[],"class_list":{"0":"post-4744","1":"product","2":"type-product","3":"status-publish","4":"has-post-thumbnail","6":"product_cat-poulet-malassis","8":"first","9":"instock","10":"shipping-taxable","11":"purchasable","12":"product-type-simple"},"_links":{"self":[{"href":"https:\/\/www.leslarmesderos.com\/en\/wp-json\/wp\/v2\/product\/4744","targetHints":{"allow":["GET"]}}],"collection":[{"href":"https:\/\/www.leslarmesderos.com\/en\/wp-json\/wp\/v2\/product"}],"about":[{"href":"https:\/\/www.leslarmesderos.com\/en\/wp-json\/wp\/v2\/types\/product"}],"wp:featuredmedia":[{"embeddable":true,"href":"https:\/\/www.leslarmesderos.com\/en\/wp-json\/wp\/v2\/media\/4742"}],"wp:attachment":[{"href":"https:\/\/www.leslarmesderos.com\/en\/wp-json\/wp\/v2\/media?parent=4744"}],"wp:term":[{"taxonomy":"product_cat","embeddable":true,"href":"https:\/\/www.leslarmesderos.com\/en\/wp-json\/wp\/v2\/product_cat?post=4744"},{"taxonomy":"product_tag","embeddable":true,"href":"https:\/\/www.leslarmesderos.com\/en\/wp-json\/wp\/v2\/product_tag?post=4744"}],"curies":[{"name":"wp","href":"https:\/\/api.w.org\/{rel}","templated":true}]}}