{"id":4747,"date":"2023-01-01T11:46:41","date_gmt":"2023-01-01T10:46:41","guid":{"rendered":"https:\/\/www.leslarmesderos.com\/produit\/thophile-gautier-posies-qui-ne-figureront-pas-dans-ses-uvres\/"},"modified":"2023-01-01T14:41:23","modified_gmt":"2023-01-01T13:41:23","slug":"thophile-gautier-posies-qui-ne-figureront-pas-dans-ses-uvres","status":"publish","type":"product","link":"https:\/\/www.leslarmesderos.com\/en\/produit\/thophile-gautier-posies-qui-ne-figureront-pas-dans-ses-uvres\/","title":{"rendered":"Th\u00e9ophile GAUTIER. Po\u00e9sies qui ne figureront pas dans ses \u0153uvres pr\u00e9c\u00e9d\u00e9es d\u2019une autobiographie, orn\u00e9e d\u2019un portrait singulier."},"content":{"rendered":"<p>France, imprimerie particuli\u00e8re, 1873 M D CCC LXXIII [A. Poulet-Malassis, Bruxelles]. In-8, broch\u00e9 de 2 ff.n.ch., ii et 84 pages, couverture verte en papier gaufr\u00e9. \u00c9dition originale. Illustr\u00e9 d\u2019un portrait \u00e0 charge en frontispice de Benjamin Roubaud, grav\u00e9 par Bracquemond et Jacquemart et de 2 feuillets grav\u00e9s pour les paroles et la musique tempo di Marcia. Tirage limit\u00e9 \u00e0 162 ex. L\u2019un des 150 sur papier de Hollande. Bibliographie : Launay 356, Pia 1151, R\u00e9serve p. Ye 475, PC 787, Lemonnyer 3-789, Dutel A-889.<\/p>\n","protected":false},"excerpt":{"rendered":"<p>France, imprimerie particuli\u00e8re, 1873 M D CCC LXXIII [A. Poulet-Malassis, Bruxelles]. In-8, broch\u00e9 de 2 ff.n.ch., ii et 84 pages, couverture verte en papier gaufr\u00e9. \u00c9dition originale. Illustr\u00e9 d\u2019un portrait \u00e0 charge en frontispice de Benjamin Roubaud, grav\u00e9 par Bracquemond et Jacquemart et de 2 feuillets grav\u00e9s pour les paroles et la musique tempo di [&#8230;]\n","protected":false},"featured_media":4745,"template":"","meta":[],"product_cat":[207],"product_tag":[],"class_list":{"0":"post-4747","1":"product","2":"type-product","3":"status-publish","4":"has-post-thumbnail","6":"product_cat-poulet-malassis","8":"first","9":"instock","10":"shipping-taxable","11":"purchasable","12":"product-type-simple"},"_links":{"self":[{"href":"https:\/\/www.leslarmesderos.com\/en\/wp-json\/wp\/v2\/product\/4747","targetHints":{"allow":["GET"]}}],"collection":[{"href":"https:\/\/www.leslarmesderos.com\/en\/wp-json\/wp\/v2\/product"}],"about":[{"href":"https:\/\/www.leslarmesderos.com\/en\/wp-json\/wp\/v2\/types\/product"}],"wp:featuredmedia":[{"embeddable":true,"href":"https:\/\/www.leslarmesderos.com\/en\/wp-json\/wp\/v2\/media\/4745"}],"wp:attachment":[{"href":"https:\/\/www.leslarmesderos.com\/en\/wp-json\/wp\/v2\/media?parent=4747"}],"wp:term":[{"taxonomy":"product_cat","embeddable":true,"href":"https:\/\/www.leslarmesderos.com\/en\/wp-json\/wp\/v2\/product_cat?post=4747"},{"taxonomy":"product_tag","embeddable":true,"href":"https:\/\/www.leslarmesderos.com\/en\/wp-json\/wp\/v2\/product_tag?post=4747"}],"curies":[{"name":"wp","href":"https:\/\/api.w.org\/{rel}","templated":true}]}}