{"id":4759,"date":"2023-01-01T11:46:44","date_gmt":"2023-01-01T10:46:44","guid":{"rendered":"https:\/\/www.leslarmesderos.com\/produit\/gustave-droz-et-ou-rcrit-en-partie-par-poulet-malassis-flicien-rops-un-et-la-campagne\/"},"modified":"2023-01-01T13:36:57","modified_gmt":"2023-01-01T12:36:57","slug":"gustave-droz-et-ou-rcrit-en-partie-par-poulet-malassis-flicien-rops-un-et-la-campagne","status":"publish","type":"product","link":"https:\/\/www.leslarmesderos.com\/en\/produit\/gustave-droz-et-ou-rcrit-en-partie-par-poulet-malassis-flicien-rops-un-et-la-campagne\/","title":{"rendered":"[Gustave DROZ et (ou) r\u00e9\u00e9crit en partie par POULET-MALASSIS &#8211; F\u00e9licien ROPS]. Un \u00c9t\u00e9 \u00e0 la campagne."},"content":{"rendered":"<p>Correspondance de deux jeunes Parisiennes recueillie par un auteur \u00e0 la mode. MDCCCLXVIII [contrefa\u00e7on du A. Poulet-Malassis, vers 1870]. In-8 broch\u00e9, 191 pages, couverture muette en papier marron. Illustr\u00e9 d&#8217;un frontispice original de F\u00e9licien Rops. Bibliographie : Per 35-2, Dutel A-1128, pas \u00e0 l&#8217;Enfer de la BnF.<\/p>\n","protected":false},"excerpt":{"rendered":"<p>Correspondance de deux jeunes Parisiennes recueillie par un auteur \u00e0 la mode. MDCCCLXVIII [contrefa\u00e7on du A. Poulet-Malassis, vers 1870]. In-8 broch\u00e9, 191 pages, couverture muette en papier marron. Illustr\u00e9 d&#8217;un frontispice original de F\u00e9licien Rops. Bibliographie : Per 35-2, Dutel A-1128, pas \u00e0 l&#8217;Enfer de la BnF.<\/p>\n","protected":false},"featured_media":4757,"template":"","meta":[],"product_cat":[207],"product_tag":[],"class_list":{"0":"post-4759","1":"product","2":"type-product","3":"status-publish","4":"has-post-thumbnail","6":"product_cat-poulet-malassis","8":"first","9":"instock","10":"shipping-taxable","11":"purchasable","12":"product-type-simple"},"_links":{"self":[{"href":"https:\/\/www.leslarmesderos.com\/en\/wp-json\/wp\/v2\/product\/4759","targetHints":{"allow":["GET"]}}],"collection":[{"href":"https:\/\/www.leslarmesderos.com\/en\/wp-json\/wp\/v2\/product"}],"about":[{"href":"https:\/\/www.leslarmesderos.com\/en\/wp-json\/wp\/v2\/types\/product"}],"wp:featuredmedia":[{"embeddable":true,"href":"https:\/\/www.leslarmesderos.com\/en\/wp-json\/wp\/v2\/media\/4757"}],"wp:attachment":[{"href":"https:\/\/www.leslarmesderos.com\/en\/wp-json\/wp\/v2\/media?parent=4759"}],"wp:term":[{"taxonomy":"product_cat","embeddable":true,"href":"https:\/\/www.leslarmesderos.com\/en\/wp-json\/wp\/v2\/product_cat?post=4759"},{"taxonomy":"product_tag","embeddable":true,"href":"https:\/\/www.leslarmesderos.com\/en\/wp-json\/wp\/v2\/product_tag?post=4759"}],"curies":[{"name":"wp","href":"https:\/\/api.w.org\/{rel}","templated":true}]}}