{"id":4771,"date":"2023-01-01T11:46:49","date_gmt":"2023-01-01T10:46:49","guid":{"rendered":"https:\/\/www.leslarmesderos.com\/produit\/auteur-non-identifi-le-courrier-extraordinaire-des-fouteurs-ecclsiastiques\/"},"modified":"2023-01-01T13:19:21","modified_gmt":"2023-01-01T12:19:21","slug":"auteur-non-identifi-le-courrier-extraordinaire-des-fouteurs-ecclsiastiques","status":"publish","type":"product","link":"https:\/\/www.leslarmesderos.com\/en\/produit\/auteur-non-identifi-le-courrier-extraordinaire-des-fouteurs-ecclsiastiques\/","title":{"rendered":"[Auteur non identifi\u00e9]. Le Courrier extraordinaire des fouteurs eccl\u00e9siastiques."},"content":{"rendered":"<p>Pi\u00e8ce r\u00e9volutionnaire r\u00e9imprim\u00e9e textuellemnt sur l&#8217;\u00e9dition originale publi\u00e9e en 1790 et devenue tr\u00e8s rare, pr\u00e9c\u00e9d\u00e9e d&#8217;une notice bibliographique. A Neuchatel, 1872 [A. Christiaens, vers 1875 ?] In-8 broch\u00e9 de viii et 39 pages, Couverture refaite en papier beige, mouillures sur le faux-titre qui porte une coquille, [&#8220;courier&#8221;]. Tirage extraordinaire \u00e0 100 exemplaires. Bibliographie : PC 495, Mylord 31, Ashbee 1-163, G* 423 (20 frs), Dutel A-242, pas ? l?Enfer de la BnF. <\/p>\n","protected":false},"excerpt":{"rendered":"<p>Pi\u00e8ce r\u00e9volutionnaire r\u00e9imprim\u00e9e textuellemnt sur l&#8217;\u00e9dition originale publi\u00e9e en 1790 et devenue tr\u00e8s rare, pr\u00e9c\u00e9d\u00e9e d&#8217;une notice bibliographique. A Neuchatel, 1872 [A. Christiaens, vers 1875 ?] In-8 broch\u00e9 de viii et 39 pages, Couverture refaite en papier beige, mouillures sur le faux-titre qui porte une coquille, [&#8220;courier&#8221;]. Tirage extraordinaire \u00e0 100 exemplaires. Bibliographie : PC [&#8230;]\n","protected":false},"featured_media":4769,"template":"","meta":[],"product_cat":[104],"product_tag":[],"class_list":{"0":"post-4771","1":"product","2":"type-product","3":"status-publish","4":"has-post-thumbnail","6":"product_cat-curiosa-xixe","8":"first","9":"instock","10":"shipping-taxable","11":"purchasable","12":"product-type-simple"},"_links":{"self":[{"href":"https:\/\/www.leslarmesderos.com\/en\/wp-json\/wp\/v2\/product\/4771","targetHints":{"allow":["GET"]}}],"collection":[{"href":"https:\/\/www.leslarmesderos.com\/en\/wp-json\/wp\/v2\/product"}],"about":[{"href":"https:\/\/www.leslarmesderos.com\/en\/wp-json\/wp\/v2\/types\/product"}],"wp:featuredmedia":[{"embeddable":true,"href":"https:\/\/www.leslarmesderos.com\/en\/wp-json\/wp\/v2\/media\/4769"}],"wp:attachment":[{"href":"https:\/\/www.leslarmesderos.com\/en\/wp-json\/wp\/v2\/media?parent=4771"}],"wp:term":[{"taxonomy":"product_cat","embeddable":true,"href":"https:\/\/www.leslarmesderos.com\/en\/wp-json\/wp\/v2\/product_cat?post=4771"},{"taxonomy":"product_tag","embeddable":true,"href":"https:\/\/www.leslarmesderos.com\/en\/wp-json\/wp\/v2\/product_tag?post=4771"}],"curies":[{"name":"wp","href":"https:\/\/api.w.org\/{rel}","templated":true}]}}