{"id":4774,"date":"2023-01-01T11:46:50","date_gmt":"2023-01-01T10:46:50","guid":{"rendered":"https:\/\/www.leslarmesderos.com\/produit\/auteur-non-identifi-le-libertinage-du-grand-monde-ou-la-nouvelle-gamiani-suivi-de-la-maison-des-jolies-filles\/"},"modified":"2023-01-01T13:15:18","modified_gmt":"2023-01-01T12:15:18","slug":"auteur-non-identifi-le-libertinage-du-grand-monde-ou-la-nouvelle-gamiani-suivi-de-la-maison-des-jolies-filles","status":"publish","type":"product","link":"https:\/\/www.leslarmesderos.com\/en\/produit\/auteur-non-identifi-le-libertinage-du-grand-monde-ou-la-nouvelle-gamiani-suivi-de-la-maison-des-jolies-filles\/","title":{"rendered":"[Auteur non identifi\u00e9]. Le Libertinage du grand monde, ou la nouvelle Gamiani, suivi de La Maison des jolies filles."},"content":{"rendered":"<p>Paris &#038; Bruxelles, chez tous les marchands de nouveaut\u00e9s, M. DCCC. LXXI \/ LXXII [Vital Puissant, 1872]. In-12 de 1 f.n.ch., 105 pages, 1 f.n.ch., 80 pages pour La Maison des jolies filles. Couverture muette en papier vert. \u00e9ditions originales. Tirage \u00e0 100 exemplaire sur papier fort de Hollande. Mention d&#8217;imprimeur : Brux. Typ. Cocquereau, rue des Charb., S.-J-T-. N. deux pages de titres : l&#8217;une en rouge avec fleuron aux danseuses et pr\u00e9cision de l&#8217;autre texte, l&#8217;autre en noir avec fleuron aux trois Gr\u00e2ces. Pas cit\u00e9 par Gay publi\u00e9 en 1871. Lemonnyer pr\u00e9cise que ce volume a d\u00e9j\u00e0 paru sous un autre titre en 1871-1872 chez Vital Puissant sous le titre &#8220;La Femme aux 36 amants&#8221;. Bibliographie : Lemonnyer 2-856, Vital-Puissant 33, Dutel A-654, pas \u00e0 l&#8217;Enfer de la BnF.<\/p>\n","protected":false},"excerpt":{"rendered":"<p>Paris &#038; Bruxelles, chez tous les marchands de nouveaut\u00e9s, M. DCCC. LXXI \/ LXXII [Vital Puissant, 1872]. In-12 de 1 f.n.ch., 105 pages, 1 f.n.ch., 80 pages pour La Maison des jolies filles. Couverture muette en papier vert. \u00e9ditions originales. Tirage \u00e0 100 exemplaire sur papier fort de Hollande. Mention d&#8217;imprimeur : Brux. Typ. Cocquereau, [&#8230;]\n","protected":false},"featured_media":4772,"template":"","meta":[],"product_cat":[210],"product_tag":[],"class_list":{"0":"post-4774","1":"product","2":"type-product","3":"status-publish","4":"has-post-thumbnail","6":"product_cat-curiosa-vital-puissant","8":"first","9":"instock","10":"shipping-taxable","11":"purchasable","12":"product-type-simple"},"_links":{"self":[{"href":"https:\/\/www.leslarmesderos.com\/en\/wp-json\/wp\/v2\/product\/4774","targetHints":{"allow":["GET"]}}],"collection":[{"href":"https:\/\/www.leslarmesderos.com\/en\/wp-json\/wp\/v2\/product"}],"about":[{"href":"https:\/\/www.leslarmesderos.com\/en\/wp-json\/wp\/v2\/types\/product"}],"wp:featuredmedia":[{"embeddable":true,"href":"https:\/\/www.leslarmesderos.com\/en\/wp-json\/wp\/v2\/media\/4772"}],"wp:attachment":[{"href":"https:\/\/www.leslarmesderos.com\/en\/wp-json\/wp\/v2\/media?parent=4774"}],"wp:term":[{"taxonomy":"product_cat","embeddable":true,"href":"https:\/\/www.leslarmesderos.com\/en\/wp-json\/wp\/v2\/product_cat?post=4774"},{"taxonomy":"product_tag","embeddable":true,"href":"https:\/\/www.leslarmesderos.com\/en\/wp-json\/wp\/v2\/product_tag?post=4774"}],"curies":[{"name":"wp","href":"https:\/\/api.w.org\/{rel}","templated":true}]}}