{"id":4778,"date":"2023-01-01T11:46:51","date_gmt":"2023-01-01T10:46:51","guid":{"rendered":"https:\/\/www.leslarmesderos.com\/produit\/auteur-non-identifi-le-rendez-vous-de-madame-elisabeth-sur-du-roi-avec-labb-de-s-martin-aumonier-de-la-garde-nationale-dans-le-jardin-des-tuileries-2\/"},"modified":"2023-01-01T13:10:23","modified_gmt":"2023-01-01T12:10:23","slug":"auteur-non-identifi-le-rendez-vous-de-madame-elisabeth-sur-du-roi-avec-labb-de-s-martin-aumonier-de-la-garde-nationale-dans-le-jardin-des-tuileries-2","status":"publish","type":"product","link":"https:\/\/www.leslarmesderos.com\/en\/produit\/auteur-non-identifi-le-rendez-vous-de-madame-elisabeth-sur-du-roi-avec-labb-de-s-martin-aumonier-de-la-garde-nationale-dans-le-jardin-des-tuileries-2\/","title":{"rendered":"[Auteur non identifi\u00e9]. Le Rendez-vous de Madame Elisabeth s\u0153ur du roi, avec l&#8217;abb\u00e9 de S. Martin aumonier de la garde Nationale dans le Jardin des Tuileries,"},"content":{"rendered":"<p>r\u00e9imprim\u00e9 textuellement sur l&#8217;\u00e9dition originale et rarissime de 1790. Londres, de l&#8217;Imprimerie particuli\u00e8re de Lord C*** [Vital Puissant], 1875. In-12 \u00e9cu de 20 pages, cartonnage \u00e0 la Bradel, percaline bleue, couvertures conserv\u00e9es, pi\u00e8ce de titre en long (reliure ancienne). Tirage limit\u00e9 \u00e0 100 ex. (n\u00b0 77). De la Biblioth\u00e8que Galante, plagiat de la Biblioth\u00e8que Libre de Gay. Pour Simonson, cela ne fait aucun doute ; Lord C*** est Vital Puissant. Bibliographie : Pia 1261, Enfer 1292, Dutel A-976.<\/p>\n","protected":false},"excerpt":{"rendered":"<p>r\u00e9imprim\u00e9 textuellement sur l&#8217;\u00e9dition originale et rarissime de 1790. Londres, de l&#8217;Imprimerie particuli\u00e8re de Lord C*** [Vital Puissant], 1875. In-12 \u00e9cu de 20 pages, cartonnage \u00e0 la Bradel, percaline bleue, couvertures conserv\u00e9es, pi\u00e8ce de titre en long (reliure ancienne). Tirage limit\u00e9 \u00e0 100 ex. (n\u00b0 77). De la Biblioth\u00e8que Galante, plagiat de la Biblioth\u00e8que Libre [&#8230;]\n","protected":false},"featured_media":4775,"template":"","meta":[],"product_cat":[210],"product_tag":[],"class_list":{"0":"post-4778","1":"product","2":"type-product","3":"status-publish","4":"has-post-thumbnail","6":"product_cat-curiosa-vital-puissant","8":"first","9":"instock","10":"shipping-taxable","11":"purchasable","12":"product-type-simple"},"_links":{"self":[{"href":"https:\/\/www.leslarmesderos.com\/en\/wp-json\/wp\/v2\/product\/4778","targetHints":{"allow":["GET"]}}],"collection":[{"href":"https:\/\/www.leslarmesderos.com\/en\/wp-json\/wp\/v2\/product"}],"about":[{"href":"https:\/\/www.leslarmesderos.com\/en\/wp-json\/wp\/v2\/types\/product"}],"wp:featuredmedia":[{"embeddable":true,"href":"https:\/\/www.leslarmesderos.com\/en\/wp-json\/wp\/v2\/media\/4775"}],"wp:attachment":[{"href":"https:\/\/www.leslarmesderos.com\/en\/wp-json\/wp\/v2\/media?parent=4778"}],"wp:term":[{"taxonomy":"product_cat","embeddable":true,"href":"https:\/\/www.leslarmesderos.com\/en\/wp-json\/wp\/v2\/product_cat?post=4778"},{"taxonomy":"product_tag","embeddable":true,"href":"https:\/\/www.leslarmesderos.com\/en\/wp-json\/wp\/v2\/product_tag?post=4778"}],"curies":[{"name":"wp","href":"https:\/\/api.w.org\/{rel}","templated":true}]}}