{"id":4781,"date":"2023-01-01T11:46:52","date_gmt":"2023-01-01T10:46:52","guid":{"rendered":"https:\/\/www.leslarmesderos.com\/produit\/ferrante-pallavicini-ou-antonio-rocco-alcibiade-enfant-lcole-traduit-pour-la-premire-fois-de-litalien\/"},"modified":"2023-01-01T13:03:06","modified_gmt":"2023-01-01T12:03:06","slug":"ferrante-pallavicini-ou-antonio-rocco-alcibiade-enfant-lcole-traduit-pour-la-premire-fois-de-litalien","status":"publish","type":"product","link":"https:\/\/www.leslarmesderos.com\/en\/produit\/ferrante-pallavicini-ou-antonio-rocco-alcibiade-enfant-lcole-traduit-pour-la-premire-fois-de-litalien\/","title":{"rendered":"Ferrante PALLAVICINI [ou Antonio ROCCO]. Alcibiade, enfant \u00e0 l&#8217;\u00e9cole, traduit pour la premi\u00e8re fois de l&#8217;Italien."},"content":{"rendered":"<p>Amsterdam, chez l&#8217;ancien Pierre Marteau, M DCCC LXVI [Bruxelles (Vital Puissant ?), vers 1875]. In-12 de 120 pages, demi-Bradel v\u00e9lin blanc, pi\u00e8ce de titre basane havane, tranches naturelles (reliure modeste). La typographie de cette \u00e9dition fait penser \u00e0 Vital Puissant. Le libraire Lehec la d\u00e9signe comme premier tirage et l&#8217;attribue \u00e0 Poulet-Malassis. Bibliographie : PC 1570, G* 29 (28 frs), Dutel A-39, pas \u00e0 l&#8217;Enfer de la BnF.<\/p>\n","protected":false},"excerpt":{"rendered":"<p>Amsterdam, chez l&#8217;ancien Pierre Marteau, M DCCC LXVI [Bruxelles (Vital Puissant ?), vers 1875]. In-12 de 120 pages, demi-Bradel v\u00e9lin blanc, pi\u00e8ce de titre basane havane, tranches naturelles (reliure modeste). La typographie de cette \u00e9dition fait penser \u00e0 Vital Puissant. Le libraire Lehec la d\u00e9signe comme premier tirage et l&#8217;attribue \u00e0 Poulet-Malassis. Bibliographie : PC [&#8230;]\n","protected":false},"featured_media":4779,"template":"","meta":[],"product_cat":[210],"product_tag":[],"class_list":{"0":"post-4781","1":"product","2":"type-product","3":"status-publish","4":"has-post-thumbnail","6":"product_cat-curiosa-vital-puissant","8":"first","9":"instock","10":"shipping-taxable","11":"purchasable","12":"product-type-simple"},"_links":{"self":[{"href":"https:\/\/www.leslarmesderos.com\/en\/wp-json\/wp\/v2\/product\/4781","targetHints":{"allow":["GET"]}}],"collection":[{"href":"https:\/\/www.leslarmesderos.com\/en\/wp-json\/wp\/v2\/product"}],"about":[{"href":"https:\/\/www.leslarmesderos.com\/en\/wp-json\/wp\/v2\/types\/product"}],"wp:featuredmedia":[{"embeddable":true,"href":"https:\/\/www.leslarmesderos.com\/en\/wp-json\/wp\/v2\/media\/4779"}],"wp:attachment":[{"href":"https:\/\/www.leslarmesderos.com\/en\/wp-json\/wp\/v2\/media?parent=4781"}],"wp:term":[{"taxonomy":"product_cat","embeddable":true,"href":"https:\/\/www.leslarmesderos.com\/en\/wp-json\/wp\/v2\/product_cat?post=4781"},{"taxonomy":"product_tag","embeddable":true,"href":"https:\/\/www.leslarmesderos.com\/en\/wp-json\/wp\/v2\/product_tag?post=4781"}],"curies":[{"name":"wp","href":"https:\/\/api.w.org\/{rel}","templated":true}]}}