{"id":4787,"date":"2023-01-01T11:46:54","date_gmt":"2023-01-01T10:46:54","guid":{"rendered":"https:\/\/www.leslarmesderos.com\/produit\/pietro-aretino-sept-petites-nouvelles-de-pierre-artin-concernant-le-jeu-et-les-joueurs\/"},"modified":"2023-01-01T12:46:44","modified_gmt":"2023-01-01T11:46:44","slug":"pietro-aretino-sept-petites-nouvelles-de-pierre-artin-concernant-le-jeu-et-les-joueurs","status":"publish","type":"product","link":"https:\/\/www.leslarmesderos.com\/en\/produit\/pietro-aretino-sept-petites-nouvelles-de-pierre-artin-concernant-le-jeu-et-les-joueurs\/","title":{"rendered":"Pietro ARETINO. Sept petites nouvelles de Pierre Ar\u00e9tin, concernant le jeu et les joueurs,"},"content":{"rendered":"<p>traduites en fran\u00e7ais pour la premi\u00e8re fois et pr\u00e9c\u00e9d\u00e9es d&#8217;une \u00e9tude sur l&#8217;auteur et sur divers conteurs italiens [Brunet]. Jules Gay Paris. 1861. In-12 de 95 pages, cartonnage \u00e0 la Bradel, pi\u00e8ce de titre, couverture conserv\u00e9e. Portrait en \u00e9preuve argentique en frontispice. Num\u00e9rot\u00e9 66 \u00e0 la plume. Bibliographie : PC 016 [BL: 12471. aa. 41(2)].<\/p>\n","protected":false},"excerpt":{"rendered":"<p>traduites en fran\u00e7ais pour la premi\u00e8re fois et pr\u00e9c\u00e9d\u00e9es d&#8217;une \u00e9tude sur l&#8217;auteur et sur divers conteurs italiens [Brunet]. Jules Gay Paris. 1861. In-12 de 95 pages, cartonnage \u00e0 la Bradel, pi\u00e8ce de titre, couverture conserv\u00e9e. Portrait en \u00e9preuve argentique en frontispice. Num\u00e9rot\u00e9 66 \u00e0 la plume. Bibliographie : PC 016 [BL: 12471. aa. 41(2)].<\/p>\n","protected":false},"featured_media":4785,"template":"","meta":[],"product_cat":[109],"product_tag":[],"class_list":{"0":"post-4787","1":"product","2":"type-product","3":"status-publish","4":"has-post-thumbnail","6":"product_cat-xixe-jules-gay","8":"first","9":"instock","10":"shipping-taxable","11":"purchasable","12":"product-type-simple"},"_links":{"self":[{"href":"https:\/\/www.leslarmesderos.com\/en\/wp-json\/wp\/v2\/product\/4787","targetHints":{"allow":["GET"]}}],"collection":[{"href":"https:\/\/www.leslarmesderos.com\/en\/wp-json\/wp\/v2\/product"}],"about":[{"href":"https:\/\/www.leslarmesderos.com\/en\/wp-json\/wp\/v2\/types\/product"}],"wp:featuredmedia":[{"embeddable":true,"href":"https:\/\/www.leslarmesderos.com\/en\/wp-json\/wp\/v2\/media\/4785"}],"wp:attachment":[{"href":"https:\/\/www.leslarmesderos.com\/en\/wp-json\/wp\/v2\/media?parent=4787"}],"wp:term":[{"taxonomy":"product_cat","embeddable":true,"href":"https:\/\/www.leslarmesderos.com\/en\/wp-json\/wp\/v2\/product_cat?post=4787"},{"taxonomy":"product_tag","embeddable":true,"href":"https:\/\/www.leslarmesderos.com\/en\/wp-json\/wp\/v2\/product_tag?post=4787"}],"curies":[{"name":"wp","href":"https:\/\/api.w.org\/{rel}","templated":true}]}}