{"id":4790,"date":"2023-01-01T11:46:55","date_gmt":"2023-01-01T10:46:55","guid":{"rendered":"https:\/\/www.leslarmesderos.com\/produit\/lart-priapique-parodie-des-deux-premiers-chants-de-lart-poetique-par-un-octognaire\/"},"modified":"2023-01-01T19:54:27","modified_gmt":"2023-01-01T18:54:27","slug":"lart-priapique-parodie-des-deux-premiers-chants-de-lart-poetique-par-un-octognaire","status":"publish","type":"product","link":"https:\/\/www.leslarmesderos.com\/en\/produit\/lart-priapique-parodie-des-deux-premiers-chants-de-lart-poetique-par-un-octognaire\/","title":{"rendered":"[F\u00e9licien ROPS]. L&#8217;Art priapique, parodie des deux premiers chants de L&#8217;Art po\u00e8tique, par un octog\u00e9naire."},"content":{"rendered":"[Alphonse L\u00e9crivain, contrefa\u00e7on de Poulet-Malassis] Namur, A l&#8217;enseigne de Boileau Dindonn\u00e9, 1864. In-8, broch\u00e9 de 2 ff.n.ch., xi, 37 pages sans justification, couverture muette en papier gris. Illustr\u00e9e d&#8217;un frontispice original \u00e0 l&#8217;eau-forte de F\u00e9licien Rops. Quelques petites modifications par rapport \u00e0 l&#8217;\u00e9dition originale publi\u00e9e par Poulet-Malassis. Bibliographie : Lemmonyer 1-289, Dutel A-122.<\/p>\n","protected":false},"excerpt":{"rendered":"[Alphonse L\u00e9crivain, contrefa\u00e7on de Poulet-Malassis] Namur, A l&#8217;enseigne de Boileau Dindonn\u00e9, 1864. In-8, broch\u00e9 de 2 ff.n.ch., xi, 37 pages sans justification, couverture muette en papier gris. Illustr\u00e9e d&#8217;un frontispice original \u00e0 l&#8217;eau-forte de F\u00e9licien Rops. Quelques petites modifications par rapport \u00e0 l&#8217;\u00e9dition originale publi\u00e9e par Poulet-Malassis. Bibliographie : Lemmonyer 1-289, Dutel A-122.<\/p>\n","protected":false},"featured_media":4788,"template":"","meta":[],"product_cat":[207,104],"product_tag":[],"class_list":{"0":"post-4790","1":"product","2":"type-product","3":"status-publish","4":"has-post-thumbnail","6":"product_cat-poulet-malassis","7":"product_cat-curiosa-xixe","9":"first","10":"instock","11":"shipping-taxable","12":"purchasable","13":"product-type-simple"},"_links":{"self":[{"href":"https:\/\/www.leslarmesderos.com\/en\/wp-json\/wp\/v2\/product\/4790","targetHints":{"allow":["GET"]}}],"collection":[{"href":"https:\/\/www.leslarmesderos.com\/en\/wp-json\/wp\/v2\/product"}],"about":[{"href":"https:\/\/www.leslarmesderos.com\/en\/wp-json\/wp\/v2\/types\/product"}],"wp:featuredmedia":[{"embeddable":true,"href":"https:\/\/www.leslarmesderos.com\/en\/wp-json\/wp\/v2\/media\/4788"}],"wp:attachment":[{"href":"https:\/\/www.leslarmesderos.com\/en\/wp-json\/wp\/v2\/media?parent=4790"}],"wp:term":[{"taxonomy":"product_cat","embeddable":true,"href":"https:\/\/www.leslarmesderos.com\/en\/wp-json\/wp\/v2\/product_cat?post=4790"},{"taxonomy":"product_tag","embeddable":true,"href":"https:\/\/www.leslarmesderos.com\/en\/wp-json\/wp\/v2\/product_tag?post=4790"}],"curies":[{"name":"wp","href":"https:\/\/api.w.org\/{rel}","templated":true}]}}