{"id":4800,"date":"2023-01-01T11:46:57","date_gmt":"2023-01-01T10:46:57","guid":{"rendered":"https:\/\/www.leslarmesderos.com\/produit\/jacques-charles-gervaise-de-latouche-le-portier-des-chartreux-ou-mmoires-de-saturnin-2\/"},"modified":"2023-01-01T12:31:47","modified_gmt":"2023-01-01T11:31:47","slug":"jacques-charles-gervaise-de-latouche-le-portier-des-chartreux-ou-mmoires-de-saturnin-2","status":"publish","type":"product","link":"https:\/\/www.leslarmesderos.com\/en\/produit\/jacques-charles-gervaise-de-latouche-le-portier-des-chartreux-ou-mmoires-de-saturnin-2\/","title":{"rendered":"[Jacques-Charles GERVAISE de LATOUCHE]. Le Portier des Chartreux ou M\u00e9moires de Saturnin"},"content":{"rendered":"<p>\u00c9dition compl\u00e8te collationn\u00e9e sur l&#8217;\u00e9dition originale. Amsterdam, 1875 [Bruxelles]. In-18 de 231 pages, demi-maroquin cerise gros grains, \u00e0 coins, filets dor\u00e9s sur les plats, dos \u00e0 nerfs, t\u00eate dor\u00e9e, tranches naturelles (reliure de l&#8217;\u00e9poque). Tirage limit\u00e9 \u00e0 75 ex. Notre exemplaire est enrichi d&#8217;une gravure en frontispice, qui provient de la suite accompagnant La Galerie des Femmes. Bibliographie : Dutel A-538, pas \u00e0 l&#8217;Enfer de la BnF.<\/p>\n","protected":false},"excerpt":{"rendered":"<p>\u00c9dition compl\u00e8te collationn\u00e9e sur l&#8217;\u00e9dition originale. Amsterdam, 1875 [Bruxelles]. In-18 de 231 pages, demi-maroquin cerise gros grains, \u00e0 coins, filets dor\u00e9s sur les plats, dos \u00e0 nerfs, t\u00eate dor\u00e9e, tranches naturelles (reliure de l&#8217;\u00e9poque). Tirage limit\u00e9 \u00e0 75 ex. Notre exemplaire est enrichi d&#8217;une gravure en frontispice, qui provient de la suite accompagnant La Galerie [&#8230;]\n","protected":false},"featured_media":4798,"template":"","meta":[],"product_cat":[104],"product_tag":[],"class_list":{"0":"post-4800","1":"product","2":"type-product","3":"status-publish","4":"has-post-thumbnail","6":"product_cat-curiosa-xixe","8":"first","9":"instock","10":"shipping-taxable","11":"purchasable","12":"product-type-simple"},"_links":{"self":[{"href":"https:\/\/www.leslarmesderos.com\/en\/wp-json\/wp\/v2\/product\/4800","targetHints":{"allow":["GET"]}}],"collection":[{"href":"https:\/\/www.leslarmesderos.com\/en\/wp-json\/wp\/v2\/product"}],"about":[{"href":"https:\/\/www.leslarmesderos.com\/en\/wp-json\/wp\/v2\/types\/product"}],"wp:featuredmedia":[{"embeddable":true,"href":"https:\/\/www.leslarmesderos.com\/en\/wp-json\/wp\/v2\/media\/4798"}],"wp:attachment":[{"href":"https:\/\/www.leslarmesderos.com\/en\/wp-json\/wp\/v2\/media?parent=4800"}],"wp:term":[{"taxonomy":"product_cat","embeddable":true,"href":"https:\/\/www.leslarmesderos.com\/en\/wp-json\/wp\/v2\/product_cat?post=4800"},{"taxonomy":"product_tag","embeddable":true,"href":"https:\/\/www.leslarmesderos.com\/en\/wp-json\/wp\/v2\/product_tag?post=4800"}],"curies":[{"name":"wp","href":"https:\/\/api.w.org\/{rel}","templated":true}]}}