{"id":4803,"date":"2023-01-01T11:46:58","date_gmt":"2023-01-01T10:46:58","guid":{"rendered":"https:\/\/www.leslarmesderos.com\/produit\/henry-monnier-flicien-rops-les-bas-fonds-de-la-socit\/"},"modified":"2023-01-01T12:24:11","modified_gmt":"2023-01-01T11:24:11","slug":"henry-monnier-flicien-rops-les-bas-fonds-de-la-socit","status":"publish","type":"product","link":"https:\/\/www.leslarmesderos.com\/en\/produit\/henry-monnier-flicien-rops-les-bas-fonds-de-la-socit\/","title":{"rendered":"Henry MONNIER &#8211; [F\u00e9licien ROPS]. Les Bas-fonds de la soci\u00e9t\u00e9."},"content":{"rendered":"<p>Documents pour servir \u00e0 l&#8217;histoire de nos m\u0153urs [H. Kistem\u00e6ckers, 1879]. In-32 de 160 pages et 1 f. de table, maroquin brun \u00e0 long grain, dos lisse orn\u00e9, triple filet dor\u00e9 encadrant les plats, filets dor\u00e9s et poin\u00e7ons aux plats int\u00e9rieurs, t\u00eate dor\u00e9e, tranches naturelles, couvertures conserv\u00e9es (Ch. de Samblanx, 1912). Illustr\u00e9 de 8 gravures sur Chine en bistre, contrecoll\u00e9es, d&#8217;apr\u00e8s F\u00e9licien Rops. \u00c9dition minuscule tir\u00e9e \u00e0 64 exemplaires. Dans son catalogue, le libraire Lehec avance la date de 1879. Bibliographie : Bau 238, Lem 1-358, G* 188 (20 frs), G* 364-6, L\u00e9onina 102, Dutel A-134, pas \u00e0 l&#8217;Enfer de la BnF.<\/p>\n","protected":false},"excerpt":{"rendered":"<p>Documents pour servir \u00e0 l&#8217;histoire de nos m\u0153urs [H. Kistem\u00e6ckers, 1879]. In-32 de 160 pages et 1 f. de table, maroquin brun \u00e0 long grain, dos lisse orn\u00e9, triple filet dor\u00e9 encadrant les plats, filets dor\u00e9s et poin\u00e7ons aux plats int\u00e9rieurs, t\u00eate dor\u00e9e, tranches naturelles, couvertures conserv\u00e9es (Ch. de Samblanx, 1912). Illustr\u00e9 de 8 gravures [&#8230;]\n","protected":false},"featured_media":4801,"template":"","meta":[],"product_cat":[208],"product_tag":[],"class_list":{"0":"post-4803","1":"product","2":"type-product","3":"status-publish","4":"has-post-thumbnail","6":"product_cat-curiosa-kistemaeckers","8":"first","9":"instock","10":"shipping-taxable","11":"purchasable","12":"product-type-simple"},"_links":{"self":[{"href":"https:\/\/www.leslarmesderos.com\/en\/wp-json\/wp\/v2\/product\/4803","targetHints":{"allow":["GET"]}}],"collection":[{"href":"https:\/\/www.leslarmesderos.com\/en\/wp-json\/wp\/v2\/product"}],"about":[{"href":"https:\/\/www.leslarmesderos.com\/en\/wp-json\/wp\/v2\/types\/product"}],"wp:featuredmedia":[{"embeddable":true,"href":"https:\/\/www.leslarmesderos.com\/en\/wp-json\/wp\/v2\/media\/4801"}],"wp:attachment":[{"href":"https:\/\/www.leslarmesderos.com\/en\/wp-json\/wp\/v2\/media?parent=4803"}],"wp:term":[{"taxonomy":"product_cat","embeddable":true,"href":"https:\/\/www.leslarmesderos.com\/en\/wp-json\/wp\/v2\/product_cat?post=4803"},{"taxonomy":"product_tag","embeddable":true,"href":"https:\/\/www.leslarmesderos.com\/en\/wp-json\/wp\/v2\/product_tag?post=4803"}],"curies":[{"name":"wp","href":"https:\/\/api.w.org\/{rel}","templated":true}]}}