{"id":4815,"date":"2023-01-01T11:47:01","date_gmt":"2023-01-01T10:47:01","guid":{"rendered":"https:\/\/www.leslarmesderos.com\/produit\/thodore-hannon-monsieur-de-la-braguette\/"},"modified":"2023-01-01T12:06:12","modified_gmt":"2023-01-01T11:06:12","slug":"thodore-hannon-monsieur-de-la-braguette","status":"publish","type":"product","link":"https:\/\/www.leslarmesderos.com\/en\/produit\/thodore-hannon-monsieur-de-la-braguette\/","title":{"rendered":"[Th\u00e9odore HANNON] Monsieur de la Braguette. Les Treize sonnets du doigt dedans."},"content":{"rendered":"<p>Domremy-la Pucelle (Vosges), au couvent des puces-travailleuses, avec approbation [Henri Kistem\u00e6ckers, 1882]. In-8 de 30 pages et 1 f.n.ch., demi-percaline ocre \u00e0 la Bradel, pi\u00e8ce de titre, tach\u00e9e et us\u00e9e. Petits manques de papier aux coins. \u00c9dition originale. Imprim\u00e9 \u00e0 Bruxelles, en rouge, violet, vert, bleu et or. &#8220;Cette artistique plaquette n&#8217;a \u00e9t\u00e9 tir\u00e9e qu&#8217;\u00e0 69 exemplaires, non mis dans le commerce, et exclusivement r\u00e9serv\u00e9s aux Dames repenties du Couvent de Domremy-la-Pucelle, (Vosges). Bibliographie : Pia 1441, PC 874, Bau 240, Enfer 185, Pey 104 (900 frs, pr\u00e9empt\u00e9 par la BnF), Dutel 853. Provenance : ex-libris M &#038; H. Hocquette.<\/p>\n","protected":false},"excerpt":{"rendered":"<p>Domremy-la Pucelle (Vosges), au couvent des puces-travailleuses, avec approbation [Henri Kistem\u00e6ckers, 1882]. In-8 de 30 pages et 1 f.n.ch., demi-percaline ocre \u00e0 la Bradel, pi\u00e8ce de titre, tach\u00e9e et us\u00e9e. Petits manques de papier aux coins. \u00c9dition originale. Imprim\u00e9 \u00e0 Bruxelles, en rouge, violet, vert, bleu et or. &#8220;Cette artistique plaquette n&#8217;a \u00e9t\u00e9 tir\u00e9e qu&#8217;\u00e0 [&#8230;]\n","protected":false},"featured_media":4813,"template":"","meta":[],"product_cat":[208],"product_tag":[],"class_list":{"0":"post-4815","1":"product","2":"type-product","3":"status-publish","4":"has-post-thumbnail","6":"product_cat-curiosa-kistemaeckers","8":"first","9":"instock","10":"shipping-taxable","11":"purchasable","12":"product-type-simple"},"_links":{"self":[{"href":"https:\/\/www.leslarmesderos.com\/en\/wp-json\/wp\/v2\/product\/4815","targetHints":{"allow":["GET"]}}],"collection":[{"href":"https:\/\/www.leslarmesderos.com\/en\/wp-json\/wp\/v2\/product"}],"about":[{"href":"https:\/\/www.leslarmesderos.com\/en\/wp-json\/wp\/v2\/types\/product"}],"wp:featuredmedia":[{"embeddable":true,"href":"https:\/\/www.leslarmesderos.com\/en\/wp-json\/wp\/v2\/media\/4813"}],"wp:attachment":[{"href":"https:\/\/www.leslarmesderos.com\/en\/wp-json\/wp\/v2\/media?parent=4815"}],"wp:term":[{"taxonomy":"product_cat","embeddable":true,"href":"https:\/\/www.leslarmesderos.com\/en\/wp-json\/wp\/v2\/product_cat?post=4815"},{"taxonomy":"product_tag","embeddable":true,"href":"https:\/\/www.leslarmesderos.com\/en\/wp-json\/wp\/v2\/product_tag?post=4815"}],"curies":[{"name":"wp","href":"https:\/\/api.w.org\/{rel}","templated":true}]}}