{"id":4818,"date":"2023-01-01T11:47:02","date_gmt":"2023-01-01T10:47:02","guid":{"rendered":"https:\/\/www.leslarmesderos.com\/produit\/choiseul-meuse-guyot-par-lauteur-de-entre-chien-et-loup-paris-ou-le-paradis-des-femmes\/"},"modified":"2023-01-01T12:00:05","modified_gmt":"2023-01-01T11:00:05","slug":"choiseul-meuse-guyot-par-lauteur-de-entre-chien-et-loup-paris-ou-le-paradis-des-femmes","status":"publish","type":"product","link":"https:\/\/www.leslarmesderos.com\/en\/produit\/choiseul-meuse-guyot-par-lauteur-de-entre-chien-et-loup-paris-ou-le-paradis-des-femmes\/","title":{"rendered":"[CHOISEUL-MEUSE, GUYOT &#8211; F\u00e9licien ROPS] Par l&#8217;auteur de Entre chien et loup. Paris ou le Paradis des femmes."},"content":{"rendered":"<p>Sur l&#8217;imprim\u00e9 de 1821. Kistemaeckers, Bruxelles, 1884. In-8 de 263 pages, demi-maroquin, dos \u00e0 nerfs, t\u00eate et tranches naturelles, couverture conserv\u00e9e (reliure moderne). Illustr\u00e9 d&#8217;un frontispice \u00e0 l&#8217;eau-forte de F\u00e9licien Rops.<\/p>\n","protected":false},"excerpt":{"rendered":"<p>Sur l&#8217;imprim\u00e9 de 1821. Kistemaeckers, Bruxelles, 1884. In-8 de 263 pages, demi-maroquin, dos \u00e0 nerfs, t\u00eate et tranches naturelles, couverture conserv\u00e9e (reliure moderne). Illustr\u00e9 d&#8217;un frontispice \u00e0 l&#8217;eau-forte de F\u00e9licien Rops.<\/p>\n","protected":false},"featured_media":4816,"template":"","meta":[],"product_cat":[116],"product_tag":[],"class_list":{"0":"post-4818","1":"product","2":"type-product","3":"status-publish","4":"has-post-thumbnail","6":"product_cat-xixe-h-kistemaeckers","8":"first","9":"instock","10":"shipping-taxable","11":"purchasable","12":"product-type-simple"},"_links":{"self":[{"href":"https:\/\/www.leslarmesderos.com\/en\/wp-json\/wp\/v2\/product\/4818","targetHints":{"allow":["GET"]}}],"collection":[{"href":"https:\/\/www.leslarmesderos.com\/en\/wp-json\/wp\/v2\/product"}],"about":[{"href":"https:\/\/www.leslarmesderos.com\/en\/wp-json\/wp\/v2\/types\/product"}],"wp:featuredmedia":[{"embeddable":true,"href":"https:\/\/www.leslarmesderos.com\/en\/wp-json\/wp\/v2\/media\/4816"}],"wp:attachment":[{"href":"https:\/\/www.leslarmesderos.com\/en\/wp-json\/wp\/v2\/media?parent=4818"}],"wp:term":[{"taxonomy":"product_cat","embeddable":true,"href":"https:\/\/www.leslarmesderos.com\/en\/wp-json\/wp\/v2\/product_cat?post=4818"},{"taxonomy":"product_tag","embeddable":true,"href":"https:\/\/www.leslarmesderos.com\/en\/wp-json\/wp\/v2\/product_tag?post=4818"}],"curies":[{"name":"wp","href":"https:\/\/api.w.org\/{rel}","templated":true}]}}